{"id":1144,"date":"2014-01-19T23:22:15","date_gmt":"2014-01-19T22:22:15","guid":{"rendered":"http:\/\/www.martasebestyen.com\/?page_id=1144"},"modified":"2020-10-22T16:12:53","modified_gmt":"2020-10-22T16:12:53","slug":"sebestyen-marta-es-andrejszki-judit","status":"publish","type":"page","link":"https:\/\/www.martasebestyen.com\/en\/booking\/sebestyen-marta-es-andrejszki-judit\/","title":{"rendered":"Sebesty\u00e9n M\u00e1rta \u00e9s Andrejszki Judit"},"content":{"rendered":"<p class=\"qtranxs-available-languages-message qtranxs-available-languages-message-en\">Sorry, this entry is only available in <a href=\"https:\/\/www.martasebestyen.com\/hu\/wp-json\/wp\/v2\/pages\/1144\" class=\"qtranxs-available-language-link qtranxs-available-language-link-hu\" title=\"Magyar\">Hungarian<\/a>.<\/p>","protected":false},"excerpt":{"rendered":"<p>Sorry, this entry is only available in Hungarian.<\/p>\n","protected":false},"author":1,"featured_media":2912,"parent":571,"menu_order":0,"comment_status":"closed","ping_status":"open","template":"","meta":[],"_links":{"self":[{"href":"https:\/\/www.martasebestyen.com\/en\/wp-json\/wp\/v2\/pages\/1144"}],"collection":[{"href":"https:\/\/www.martasebestyen.com\/en\/wp-json\/wp\/v2\/pages"}],"about":[{"href":"https:\/\/www.martasebestyen.com\/en\/wp-json\/wp\/v2\/types\/page"}],"author":[{"embeddable":true,"href":"https:\/\/www.martasebestyen.com\/en\/wp-json\/wp\/v2\/users\/1"}],"replies":[{"embeddable":true,"href":"https:\/\/www.martasebestyen.com\/en\/wp-json\/wp\/v2\/comments?post=1144"}],"version-history":[{"count":2,"href":"https:\/\/www.martasebestyen.com\/en\/wp-json\/wp\/v2\/pages\/1144\/revisions"}],"predecessor-version":[{"id":2920,"href":"https:\/\/www.martasebestyen.com\/en\/wp-json\/wp\/v2\/pages\/1144\/revisions\/2920"}],"up":[{"embeddable":true,"href":"https:\/\/www.martasebestyen.com\/en\/wp-json\/wp\/v2\/pages\/571"}],"wp:featuredmedia":[{"embeddable":true,"href":"https:\/\/www.martasebestyen.com\/en\/wp-json\/wp\/v2\/media\/2912"}],"wp:attachment":[{"href":"https:\/\/www.martasebestyen.com\/en\/wp-json\/wp\/v2\/media?parent=1144"}],"curies":[{"name":"wp","href":"https:\/\/api.w.org\/{rel}","templated":true}]}}