{"id":1248,"date":"2014-04-14T22:37:27","date_gmt":"2014-04-14T20:37:27","guid":{"rendered":"http:\/\/www.martasebestyen.com\/?page_id=1248"},"modified":"2020-10-22T16:10:52","modified_gmt":"2020-10-22T16:10:52","slug":"unesco-artist-for-peace","status":"publish","type":"page","link":"https:\/\/www.martasebestyen.com\/en\/biography\/unesco-artist-for-peace\/","title":{"rendered":"UNESCO Artist for Peace"},"content":{"rendered":"<p><span style=\"color: #800000;\">MTI PRESS RELEASE<\/span><br \/>\n<strong><span style=\"color: #800000;\"> UNESCO Award for Marta Sebestyen<\/span><\/strong><br \/>\n<span style=\"color: #800000;\"> October, 2010<\/span><\/p>\n<p><strong>M\u00e1rta Sebesty\u00e9n received the award Artist for Peace of the United Nations Education, Scientific and Cultural Organisation (UNESCO) at the Paris headquarters of the organisation on Tuesday evening. The acknowledgement was presented to the folk singer by UNESCO Director-General Irina Bokova. Since the establishment of the award Artist for Peace of the Paris-based organisation, this was the first time for a Hungarian artist to obtain the acknowledgement.<\/strong><\/p>\n<p>The UNESCO Director-General praised M\u00e1rta Sebesty\u00e9n as one of the greatest interpreters of Hungarian folk music who \u201ctirelessly shares the miracle of folk music with the world\u201d and, in addition to Hungarian folk songs, also performs in the Yiddish, Bulgarian and Slovak languages, among others. She underlined the award was an appreciation of M\u00e1rta Sebesty\u00e9n\u2019s merits in promoting inter-cultural dialogue and peace, adding it was a responsibility, too, at the same time.<\/p>\n<p>M\u00e1rta Sebesty\u00e9n is a returning guest at the Palace of Arts; the release concert of her album Nyitva l\u00e1t\u00e1m mennyeknek kapuj\u00e1t (I can see the Gates of Heaven) was also held at B\u00e9la Bart\u00f3k National Concert Hall. The next performance of the singer at Mupa is to be on December 30 when, together with D\u00e1niel and Vilmos Gryllus, she is to present the Biblically inspired compositions entitled Tizen\u00f6t Zsolt\u00e1r (Fifteen Psalms).<\/p>\n<p>Commenting on the acknowledgement, M\u00e1rta Sebesty\u00e9n told MTI Hungarian News Agency that, on first hearing of having been chosen for the award, beyond the feeling of happiness and acknowledgement, she immediately felt it was an especially great responsibility also. \u201cFrom now on UNESCO expects me to serve as a duty, with all my thoughts, actions and opportunities, the common cause, which coincides with my conviction that music and culture in general are stronger than politics. And while politics is a raw power, culture is a gentle power: it is an approach for us to one another that can take us much further. Besides, it operates very well even without words, hitting the target immediately\u201d, the singer emphasised.<\/p>\n<p>After the award presentation ceremony, the singer expressed her gratitude for the award by performing several folk songs.<\/p>\n<p>In the programme launched in 1955, 45 influential artists have cooperated from all over the world, including Canadian singer C\u00e9line Dion, Brazilian singer Gilberto Gil, American-Italian actress Marisa Berenson, Spanish flamenco dancer Joaqu\u00edn Cortes, Russian conductor Valery Gergiev, British singer-actress Shirley Bassey, British writer Lauren Child, Cameroon saxophonist Manu Dibango, Catalan singer Montserrat Figueras and Indian-American writer and poet Scott Momaday.<\/p>","protected":false},"excerpt":{"rendered":"<p>MTI PRESS RELEASE UNESCO Award for Marta Sebestyen October, 2010 M\u00e1rta Sebesty\u00e9n received the award Artist for Peace of the United Nations Education, Scientific and Cultural Organisation (UNESCO) at the<a href=\"https:\/\/www.martasebestyen.com\/en\/biography\/unesco-artist-for-peace\/\" class=\"more-link\"><span class=\"readmore\">More&#8230;<span class=\"screen-reader-text\">UNESCO Artist for Peace<\/span><\/span><\/a><\/p>\n","protected":false},"author":1,"featured_media":2912,"parent":1928,"menu_order":10,"comment_status":"closed","ping_status":"open","template":"","meta":[],"_links":{"self":[{"href":"https:\/\/www.martasebestyen.com\/en\/wp-json\/wp\/v2\/pages\/1248"}],"collection":[{"href":"https:\/\/www.martasebestyen.com\/en\/wp-json\/wp\/v2\/pages"}],"about":[{"href":"https:\/\/www.martasebestyen.com\/en\/wp-json\/wp\/v2\/types\/page"}],"author":[{"embeddable":true,"href":"https:\/\/www.martasebestyen.com\/en\/wp-json\/wp\/v2\/users\/1"}],"replies":[{"embeddable":true,"href":"https:\/\/www.martasebestyen.com\/en\/wp-json\/wp\/v2\/comments?post=1248"}],"version-history":[{"count":4,"href":"https:\/\/www.martasebestyen.com\/en\/wp-json\/wp\/v2\/pages\/1248\/revisions"}],"predecessor-version":[{"id":2917,"href":"https:\/\/www.martasebestyen.com\/en\/wp-json\/wp\/v2\/pages\/1248\/revisions\/2917"}],"up":[{"embeddable":true,"href":"https:\/\/www.martasebestyen.com\/en\/wp-json\/wp\/v2\/pages\/1928"}],"wp:featuredmedia":[{"embeddable":true,"href":"https:\/\/www.martasebestyen.com\/en\/wp-json\/wp\/v2\/media\/2912"}],"wp:attachment":[{"href":"https:\/\/www.martasebestyen.com\/en\/wp-json\/wp\/v2\/media?parent=1248"}],"curies":[{"name":"wp","href":"https:\/\/api.w.org\/{rel}","templated":true}]}}