{"id":1926,"date":"2012-04-13T01:20:36","date_gmt":"2012-04-12T23:20:36","guid":{"rendered":"http:\/\/www.martasebestyen.com\/?page_id=21"},"modified":"2020-10-22T16:10:21","modified_gmt":"2020-10-22T16:10:21","slug":"music","status":"publish","type":"page","link":"https:\/\/www.martasebestyen.com\/en\/music\/","title":{"rendered":"Discography"},"content":{"rendered":"<p><\/p>\n<p><\/p>\n<ul>\n<li>Sebesty\u00e9n M\u00e1rta, Andrejszki Judit: Angyali sz\u00f3 zengedez [2012, Magyar Kult\u00fara Kiad\u00f3]<\/li>\n<li>Sebesty\u00e9n M\u00e1rta, Andrejszki Judit: \u00d6rvendezz\u00fcnk! [2011, Magyar Kult\u00fara Kiad\u00f3]<\/li>\n<li>Muzsik\u00e1s featuring M\u00e1rta Sebesty\u00e9n: Fly Bird, Fly (The very best of Muzsik\u00e1s) [2011, Demon Music Group]<\/li>\n<li>Gryllus D\u00e1niel, Gryllus Vilmos, Sebesty\u00e9n M\u00e1rta: Halld meg szavaimat Isten &#8211; Tizenegy \u00faj zsolt\u00e1r [2010, Gryllus]<\/li>\n<li>Seb\u0151 Ferenc: J\u00e1t\u00e9k Kar\u00e1csonykor [2010, Gryllus]<\/li>\n<li>Sebesty\u00e9n M\u00e1rta: I Can See The Gates of Heaven [2009, World Village]<\/li>\n<li>Tolcsvay L\u00e1szl\u00f3, Tolcsvay B\u00e9la, Sasv\u00e1ri S\u00e1ndor, Sebesty\u00e9n M\u00e1rta: Magyar Mise [2009, Rotunda Alap\u00edtv\u00e1ny]<\/li>\n<li>V\u00e1logat\u00e1s: Vil\u00e1gzene itthonr\u00f3l -World Music from Hungary [2009, Sony Music]<\/li>\n<li>Seb\u0151 Ferenc: Pannon Fresk\u00f3 [2009, Hagyom\u00e1nyok H\u00e1za]<\/li>\n<li>Sebesty\u00e9n M\u00e1rta: Magyar n\u00e9pk\u00f6lt\u00e9szet (Hangz\u00f3 Helikon sorozat) [2008, Helikon Kiad\u00f3, Gryllus]<\/li>\n<li>Sebesty\u00e9n M\u00e1rta: Nyitva l\u00e1t\u00e1m mennyeknek kapuj\u00e1t [2008, Hangvet\u0151]<\/li>\n<li>Sebesty\u00e9n M\u00e1rta: Angyalok \u00e9s p\u00e1sztorok [2006, Gryllus]<\/li>\n<li>S\u00f6nd\u00f6rg\u0151: Oj Javore [2006, Periferic Records]<\/li>\n<li>Gryllus D\u00e1niel, Gryllus Vilmos, Sebesty\u00e9n M\u00e1rta: Amor Sanctus &#8211; Szent Szeretet k\u00f6nyve [2005, Gryllus]<\/li>\n<li>Seb\u0151: J\u00f3zsef Attila [2005, Helikon Kiad\u00f3, Gryllus]<\/li>\n<li>Ferenczi Gy\u00f6rgy \u00e9s a Rackajam: Cs\u00e1rdafunk [2005, Gryllus]<\/li>\n<li>Seb\u0151: Nagy L\u00e1szl\u00f3 [2004, Helikon Kiad\u00f3, Gryllus]<\/li>\n<li>Szab\u00f3 Zolt\u00e1n (v\u00e1logat\u00e1s): A t\u00fcnd\u00e9rek aj\u00e1nd\u00e9ka &#8211; K\u00e1rp\u00e1t-medencei dudamuzsika [2004, Hungaroton Classic]<\/li>\n<li>Muzsik\u00e1s, Sebesty\u00e9n M\u00e1rta: A Zeneakad\u00e9mi\u00e1n [2003, Muzsik\u00e1s]<\/li>\n<li>Filmzene: Vagabond [2003, Gryllus]<\/li>\n<li>Tolcsvay L\u00e1szl\u00f3: 12 n\u0151 [2002, Hungaroton]<\/li>\n<li>V\u00e1logat\u00e1s: Periferic 2002 &#8211; Folk-World-Ethno From Hungary [2002, Periferic Records]<\/li>\n<li>Filmzene: A Szent L\u0151rinc foly\u00f3 lazacai [2002, -]<\/li>\n<li>Gyulai Ga\u00e1l J\u00e1nos, Sebesty\u00e9n M\u00e1rta: Inspirations [2001, -]<\/li>\n<li>Gryllus D\u00e1niel, Gryllus Vilmos, Nemess\u00e1nyi \u00c9va, S\u00e1rk\u00f6zi Gergely, Sebesty\u00e9n M\u00e1rta: Esti csendben &#8211; Altat\u00f3dalok [2001, Hungaroton Classic]<\/li>\n<li>Alboka: Lorius [2001, Resistencia]<\/li>\n<li>Vujicsics: Podravina (Dr\u00e1vamenti horv\u00e1t t\u00e1ncok) [2001, Szerz\u0151i kiad\u00e1s]<\/li>\n<li>Sebesty\u00e9n M\u00e1rta: World Star Of World Music [2000, Hungaroton]<\/li>\n<li>Sebesty\u00e9n M\u00e1rta, Szvor\u00e1k Katalin, Balogh M\u00e1rton, Heged\u0151s Egy\u00fcttes: T\u00fcnd\u00e9rkert &#8211; Magyar \u00e9s rom\u00e1n n\u00e9pzene Erd\u00e9lyb\u0151l [2000, Hungaroton Classic]<\/li>\n<li>Mohai G\u00e1bor, Binder K\u00e1roly, Sebesty\u00e9n M\u00e1rta: Sz\u00e1rnyakon fekszem [1999, Gramy Records]<\/li>\n<li>Muzsik\u00e1s, Alexander Balanescu, Sebesty\u00e9n M\u00e1rta: Bart\u00f3k album [1998, Muzsik\u00e1s]<\/li>\n<li>Donal Lunny: Coolfin [1998, Blue Note]<\/li>\n<li>Vujicsics: Szerb \u00e9s horv\u00e1t n\u00e9pzene [1998, Hungaroton Classic]<\/li>\n<li>Muzsik\u00e1s, Sebesty\u00e9n M\u00e1rta: Sz\u00e9p, hajnali csillag [1997, Hannibal Records]<\/li>\n<li>Vujicsics: Samo sviraj [1997, -]<\/li>\n<li>Sebesty\u00e9n M\u00e1rta : Best Of [1997, Hannibal Records]<\/li>\n<li>Seb\u0151 Ferenc: Rongysz\u0151nyeg &#8211; We\u00f6res S\u00e1ndor [1997, Hungaroton]<\/li>\n<li>Filmzene: Territorio Comanche [1997, -]<\/li>\n<li>Gryllus D\u00e1niel, Sumogyi Zolt\u00e1n: Tizen\u00f6t zsolt\u00e1r [1997, Gryllus]<\/li>\n<li>Sebesty\u00e9n M\u00e1rta: Kismet [1996, Hannibal Records]<\/li>\n<li>Seb\u0151 Ferenc: Galagonya [1996, Hungaroton Classic]<\/li>\n<li>Filmzene: The English Patient [1996, Fantasy Records]<\/li>\n<li>Deep Forest: Boheme [1995, Sony Music]<\/li>\n<li>J\u00e1nosi Egy\u00fcttes: Rapsz\u00f3dia &#8211; Liszt \u00e9s Bart\u00f3k forr\u00e1sok [1995, Hungaroton Classic]<\/li>\n<li>Deep Forest: Marta&#8217;s Song [1995, 550 music, Epic]<\/li>\n<li>Filmzene: Pret A Porter [1994, Columbia]<\/li>\n<li>Kov\u00e1ts Kriszta: N\u00e9vjegy [1993, Hungaroton Gong]<\/li>\n<li>Muzsik\u00e1s: Sz\u00f3l a kakas [1992, Hungaroton Gong]<\/li>\n<li>Sebesty\u00e9n M\u00e1rta: Apocrypha [1992, Hannibal Records]<\/li>\n<li>Andy Irvine, Davy Spillante: East Wind [1992, Tara]<\/li>\n<li>Cserepes K\u00e1roly, Hobo, Sebesty\u00e9n M\u00e1rta: Kiv\u00e1ndorl\u00e1s [1989, Hungaroton]<\/li>\n<li>V\u00e1logat\u00e1s: Erd\u00e9lyi n\u00e9pzene (Musiques De Transylvanie) [1989, Fonti Musicali]<\/li>\n<li>Muzsik\u00e1s: \u0150sz az id\u0151 [1989, Szerz\u0151i kiad\u00e1s, Hangvet\u0151]<\/li>\n<li>Muzsik\u00e1s, Sebesty\u00e9n M\u00e1rta: D\u00fadoltam \u00e9n [1987, Hungaroton]<\/li>\n<li>Sebesty\u00e9n M\u00e1rta: Muzsik\u00e1s [1987, Hannibal Records]<\/li>\n<li>Kormor\u00e1n: A betlehemi csillag \u00fczenete [1986, Periferic Records]<\/li>\n<li>V\u00e1logat\u00e1s: Cimbora &#8211; Versek, dalok gyerekeknek (We\u00f6res S\u00e1ndor, J\u00f3zsef Attila versei) [1986, Hungaroton]<\/li>\n<li>Muzsik\u00e1s: Nem arr\u00f3l hajnallik, amerr\u0151l hajnallott [1986, Hungaroton Gong]<\/li>\n<li>Sz\u00f6r\u00e9nyi Levente, Sebesty\u00e9n M\u00e1rta: Szerelmeslemez [1985, Favorit]<\/li>\n<li>Sz\u00f6r\u00e9nyi Levente, Sebesty\u00e9n M\u00e1rta: Jeles napok &#8211; Kar\u00e1csonyi magyar n\u00e9pdalok [1984, Bravo]<\/li>\n<li>Sz\u00f6r\u00e9nyi Levente, Br\u00f3dy J\u00e1nos: Istv\u00e1n, a kir\u00e1ly [1983, Hungaroton Gong]<\/li>\n<li>Muzsik\u00e1s: Nem \u00fagy van most, mint volt r\u00e9gen&#8230; [1982, Pepita]<\/li>\n<li>Vujicsics: D\u00e9lszl\u00e1v n\u00e9pzene [1981, Hungaroton]<\/li>\n<li>Seb\u0151 Ferenc: \u00c9nekelt versek [1980, Hungaroton]<\/li>\n<\/ul>\n<p><\/p>","protected":false},"excerpt":{"rendered":"<p>Sebesty\u00e9n M\u00e1rta, Andrejszki Judit: Angyali sz\u00f3 zengedez [2012, Magyar Kult\u00fara Kiad\u00f3] Sebesty\u00e9n M\u00e1rta, Andrejszki Judit: \u00d6rvendezz\u00fcnk! [2011, Magyar Kult\u00fara Kiad\u00f3] Muzsik\u00e1s featuring M\u00e1rta Sebesty\u00e9n: Fly Bird, Fly (The very best<a href=\"https:\/\/www.martasebestyen.com\/en\/music\/\" class=\"more-link\"><span class=\"readmore\">More&#8230;<span class=\"screen-reader-text\">Discography<\/span><\/span><\/a><\/p>\n","protected":false},"author":1,"featured_media":2912,"parent":0,"menu_order":25,"comment_status":"closed","ping_status":"closed","template":"","meta":[],"_links":{"self":[{"href":"https:\/\/www.martasebestyen.com\/en\/wp-json\/wp\/v2\/pages\/1926"}],"collection":[{"href":"https:\/\/www.martasebestyen.com\/en\/wp-json\/wp\/v2\/pages"}],"about":[{"href":"https:\/\/www.martasebestyen.com\/en\/wp-json\/wp\/v2\/types\/page"}],"author":[{"embeddable":true,"href":"https:\/\/www.martasebestyen.com\/en\/wp-json\/wp\/v2\/users\/1"}],"replies":[{"embeddable":true,"href":"https:\/\/www.martasebestyen.com\/en\/wp-json\/wp\/v2\/comments?post=1926"}],"version-history":[{"count":4,"href":"https:\/\/www.martasebestyen.com\/en\/wp-json\/wp\/v2\/pages\/1926\/revisions"}],"predecessor-version":[{"id":2916,"href":"https:\/\/www.martasebestyen.com\/en\/wp-json\/wp\/v2\/pages\/1926\/revisions\/2916"}],"wp:featuredmedia":[{"embeddable":true,"href":"https:\/\/www.martasebestyen.com\/en\/wp-json\/wp\/v2\/media\/2912"}],"wp:attachment":[{"href":"https:\/\/www.martasebestyen.com\/en\/wp-json\/wp\/v2\/media?parent=1926"}],"curies":[{"name":"wp","href":"https:\/\/api.w.org\/{rel}","templated":true}]}}