{"id":1928,"date":"2012-04-13T01:21:50","date_gmt":"2012-04-12T23:21:50","guid":{"rendered":"http:\/\/www.martasebestyen.com\/?page_id=23"},"modified":"2020-10-22T16:08:15","modified_gmt":"2020-10-22T16:08:15","slug":"biography","status":"publish","type":"page","link":"https:\/\/www.martasebestyen.com\/en\/biography\/","title":{"rendered":"Bio"},"content":{"rendered":"<p><\/p>\n<p align=\"LEFT\"><span style=\"color: #800000;\"><strong>UNESCO Artist for Peace, member of the Hungarian Art Academy<\/strong><\/span><\/p>\n<p align=\"LEFT\"><img decoding=\"async\" loading=\"lazy\" class=\"alignleft size-medium wp-image-2857\" src=\"https:\/\/www.martasebestyen.com\/wp-content\/uploads\/2020\/10\/sm_hero_image-225x300.png\" alt=\"\" width=\"225\" height=\"300\" srcset=\"https:\/\/www.martasebestyen.com\/wp-content\/uploads\/2020\/10\/sm_hero_image-225x300.png 225w, https:\/\/www.martasebestyen.com\/wp-content\/uploads\/2020\/10\/sm_hero_image.png 675w\" sizes=\"(max-width: 225px) 100vw, 225px\" \/>I have been living under the spell of folksongs ever since I was a young child. First these were the ones I heard my mother sing, later the folk music that opened up before me like a new world. I was mesmerized by the ancient voices \u2013 primarily the collections of Zolt\u00e1n Kall\u00f3s, full of marvelous texts and melodies. It is here I would like to thank Uncle Zolt\u00e1n for his mentorship, love, personal and professional help \u2013 I was always able to count on these. On my own folksong collecting fieldtrips I was able to experience the overwhelming human sensation of getting in touch with the ageless messages of bygone times. Often I felt I was able to shake hands with Balassi or Pet\u0151fi. (Would our S\u00e1ndor not be happy to hear that his love poem You Cannot Forbid a Flower \u2013 No. 10 in this collection \u2013 has become a folksong? Well, this is the way Hungarian hearts feel about the matter.) As K\u00f6lcsey had remarked in 1826: \u201cThe ignition sparks of true national poetry must be sought in the common folksong.\u201d According to J\u00f3kai \u201cin Hungary it is the literary salon that learned from the wild meadow\u201d \u2013 which, according to Kod\u00e1ly is \u201ceven truer in the case of music, because music had even less of a written tradition than literature.\u201d Living in the noise of today\u2019s flat and disgraceful medium of Hungarian language use, we can and ought to learn even more from the wild meadows! What a pleasure it is to go plucking flowers in this manifold, colorful field! The enthusiasm of the former middle school girl, M\u00e1rta Sebesty\u00e9n (who, by the way, must have seemed to be off her rocker!) got turned into a life-long passion, a real profession. I owe thanks to a great many people for this: My parents, my friends, my colleagues, the scholarly fieldworkers and collectors, anonymous ancestors and the still living village singers who have been the creators, the transmitters and guardians of this marvelous poetry! For this today is an organic part of my life, my daily source of joy, and my comfort when I am in trouble. I sincerely wish that it should be the same for you, my kind listeners!<\/p>\n<p align=\"LEFT\"><strong>Awards and Acknowledgements<\/strong><\/p>\n<ul>\n<li>2013 \u2013&nbsp;Member of the Hungarian Art Academy<\/li>\n<li>2012&nbsp;\u2013&nbsp;Lanchid Award<\/li>\n<li>2012 \u2013 Kolcsey-plaquette<\/li>\n<li>2010&nbsp;\u2013&nbsp;UNESCO Artist for Peace<\/li>\n<li>2007 \u2013 Ambassador of the Hungarian Culture \/ together with Nobel Prize Winner writer Imre Kert\u00e9sz, the great pianist Zoltan Kocsis, Lady Valerie Solti (widow of the great conductor Sir George Solti), Iv\u00e1n Fischer the famous conductor and Laszlo Feh\u00e9r the famous painter<\/li>\n<li>2007 \u2013 Honorary member of the Hungarian Academy of Arts<\/li>\n<li>2006 \u2013 Honorable citizen prize in the district XIX of Budapest<\/li>\n<li>2005 \u2013 Middle Cross of the Hungarian Republic Award of the Minister of Culture of Bulgaria<\/li>\n<li>2005 \u2013 Middle Cross of the Hungarian Republic<\/li>\n<li>2005 \u2013 Knights Cross of the Italian Republic, given by Azeglio Campi, Head of State<\/li>\n<li>2004 \u2013 SFOA, Diploma alla Carriera, Italy<\/li>\n<li>2004 \u2013 Honorable citizen prize in the district I of Budapest<\/li>\n<li>2004 \u2013 PREMIO, Chianciano Fellini Award, Italy<\/li>\n<li>2003 \u2013 Prima Primissima Award &#8211; (Hungarian Prize \u201cBest among the Best\u201d \u2013 folk artist category)<\/li>\n<li>2000 \u2013 Hungarian Arts Award<\/li>\n<li>2000 \u2013 Hungarian Heritage Award<\/li>\n<li>1999 \u2013 Kossuth Award (the highest prize given by the government for artists in Hungary)<\/li>\n<li>1999 \u2013 For Budapest Prize (for making Hungarian folk music world famous)<\/li>\n<li>1998 \u2013 International Interl\u00edra Prize<\/li>\n<li>1998 \u2013 D\u00e9ri J\u00e1nos Prize (1 golden Forint)<\/li>\n<li>1998 \u2013 The Oscar for Best Original Score and Main Theme in the film \u201cThe English Patient\u201d<\/li>\n<li>1997 \u2013 Emerton Prize, Folksinger of the Year<\/li>\n<li>1996 \u2013 Grammy Award in World Music category for the Deep Forest Album \u2013 La Boheme<\/li>\n<li>1996 \u2013 Golden Giraffe (Prize of the Hungarian Record Industry)<\/li>\n<li>1993 \u2013 Emerton Prize 1994 \u2013 The Officer\u2019s Honorable Cross of the Hungarian Republic<\/li>\n<li>1991 \u2013 Liszt Ferenc Prize (the most prestigious musical prize in Hungary)<\/li>\n<li>1988 \u2013 Niveau Prize For The Hungarian Culture<\/li>\n<li>1984 \u2013 Singer of the Year (King Stephen, Rockopera)<\/li>\n<li>1974 \u2013 Young Master Of Folk Arts<\/li>\n<\/ul>\n<p><\/p>","protected":false},"excerpt":{"rendered":"<p>UNESCO Artist for Peace, member of the Hungarian Art Academy I have been living under the spell of folksongs ever since I was a young child. First these were the<a href=\"https:\/\/www.martasebestyen.com\/en\/biography\/\" class=\"more-link\"><span class=\"readmore\">More&#8230;<span class=\"screen-reader-text\">Bio<\/span><\/span><\/a><\/p>\n","protected":false},"author":1,"featured_media":2912,"parent":0,"menu_order":15,"comment_status":"closed","ping_status":"closed","template":"","meta":[],"_links":{"self":[{"href":"https:\/\/www.martasebestyen.com\/en\/wp-json\/wp\/v2\/pages\/1928"}],"collection":[{"href":"https:\/\/www.martasebestyen.com\/en\/wp-json\/wp\/v2\/pages"}],"about":[{"href":"https:\/\/www.martasebestyen.com\/en\/wp-json\/wp\/v2\/types\/page"}],"author":[{"embeddable":true,"href":"https:\/\/www.martasebestyen.com\/en\/wp-json\/wp\/v2\/users\/1"}],"replies":[{"embeddable":true,"href":"https:\/\/www.martasebestyen.com\/en\/wp-json\/wp\/v2\/comments?post=1928"}],"version-history":[{"count":7,"href":"https:\/\/www.martasebestyen.com\/en\/wp-json\/wp\/v2\/pages\/1928\/revisions"}],"predecessor-version":[{"id":2913,"href":"https:\/\/www.martasebestyen.com\/en\/wp-json\/wp\/v2\/pages\/1928\/revisions\/2913"}],"wp:featuredmedia":[{"embeddable":true,"href":"https:\/\/www.martasebestyen.com\/en\/wp-json\/wp\/v2\/media\/2912"}],"wp:attachment":[{"href":"https:\/\/www.martasebestyen.com\/en\/wp-json\/wp\/v2\/media?parent=1928"}],"curies":[{"name":"wp","href":"https:\/\/api.w.org\/{rel}","templated":true}]}}